{"id":78,"date":"2025-04-03T13:47:07","date_gmt":"2025-04-03T13:47:07","guid":{"rendered":"https:\/\/fabriziolatrofa.com\/?page_id=78"},"modified":"2025-05-11T11:30:49","modified_gmt":"2025-05-11T11:30:49","slug":"servicios","status":"publish","type":"page","link":"https:\/\/fabriziolatrofa.com\/it\/servicios\/","title":{"rendered":"Servizi"},"content":{"rendered":"<div data-elementor-type=\"wp-page\" data-elementor-id=\"78\" class=\"elementor elementor-78\" data-elementor-post-type=\"page\">\n\t\t\t\t<div class=\"elementor-element elementor-element-c80e076 e-con-full e-flex e-con e-parent\" data-id=\"c80e076\" data-element_type=\"container\" data-e-type=\"container\" data-settings=\"{&quot;background_background&quot;:&quot;classic&quot;}\">\n\t\t\t\t<\/div>\n\t\t<div class=\"elementor-element elementor-element-b5cd836 e-flex e-con-boxed e-con e-parent\" data-id=\"b5cd836\" data-element_type=\"container\" data-e-type=\"container\">\n\t\t\t\t\t<div class=\"e-con-inner\">\n\t\t<div class=\"elementor-element elementor-element-6ba2ee9 e-con-full e-flex e-con e-child\" data-id=\"6ba2ee9\" data-element_type=\"container\" data-e-type=\"container\">\n\t\t\t\t<div class=\"elementor-element elementor-element-694328e elementor-widget elementor-widget-text-editor\" data-id=\"694328e\" data-element_type=\"widget\" data-e-type=\"widget\" data-widget_type=\"text-editor.default\">\n\t\t\t\t<div class=\"elementor-widget-container\">\n\t\t\t\t\t\t\t\t\t<h2>Servizi di Architettura<\/h2><ul><li>Project management<\/li><li>Progettazione eco-sostenibile<\/li><li>Riqualificazione abitativa<\/li><li>Progettazione edilizia<\/li><li>Progettazione urbana<\/li><li>Design urbano<\/li><li>Interior design<\/li><\/ul>\t\t\t\t\t\t\t\t<\/div>\n\t\t\t\t<\/div>\n\t\t\t\t<div class=\"elementor-element elementor-element-e1f9b6c elementor-widget elementor-widget-text-editor\" data-id=\"e1f9b6c\" data-element_type=\"widget\" data-e-type=\"widget\" data-widget_type=\"text-editor.default\">\n\t\t\t\t<div class=\"elementor-widget-container\">\n\t\t\t\t\t\t\t\t\t<h2>Servizi Tecnici<\/h2><ul><li>Audit Energetico<\/li><li>Gestione di Aiuti e Sovvenzioni<\/li><li>Ispezione Tecnica dell\u2019Edificio (ITE)<\/li><li>Relazione di Valutazione dell\u2019Edificio (IEE)<\/li><li>Libro dell\u2019Edificio<\/li><li>Piano di Riqualificazione<\/li><li>Progetti e Direzione Lavori<\/li><li>Dossier della Vita dell\u2019Edificio<\/li><li>Rilievo e dossier fotografico<\/li><\/ul>\t\t\t\t\t\t\t\t<\/div>\n\t\t\t\t<\/div>\n\t\t\t\t<\/div>\n\t\t<div class=\"elementor-element elementor-element-b4c77ad e-con-full e-flex e-con e-child\" data-id=\"b4c77ad\" data-element_type=\"container\" data-e-type=\"container\">\n\t\t\t\t<div class=\"elementor-element elementor-element-a7dfd4e elementor-widget elementor-widget-heading\" data-id=\"a7dfd4e\" data-element_type=\"widget\" data-e-type=\"widget\" data-widget_type=\"heading.default\">\n\t\t\t\t<div class=\"elementor-widget-container\">\n\t\t\t\t\t<p class=\"elementor-heading-title elementor-size-default\">FABER<\/p>\t\t\t\t<\/div>\n\t\t\t\t<\/div>\n\t\t\t\t<div class=\"elementor-element elementor-element-4fdba46 elementor-widget-divider--view-line elementor-widget elementor-widget-divider\" data-id=\"4fdba46\" data-element_type=\"widget\" data-e-type=\"widget\" data-widget_type=\"divider.default\">\n\t\t\t\t<div class=\"elementor-widget-container\">\n\t\t\t\t\t\t\t<div class=\"elementor-divider\">\n\t\t\t<span class=\"elementor-divider-separator\">\n\t\t\t\t\t\t<\/span>\n\t\t<\/div>\n\t\t\t\t\t\t<\/div>\n\t\t\t\t<\/div>\n\t\t\t\t<div class=\"elementor-element elementor-element-08ba412 elementor-widget elementor-widget-heading\" data-id=\"08ba412\" data-element_type=\"widget\" data-e-type=\"widget\" data-widget_type=\"heading.default\">\n\t\t\t\t<div class=\"elementor-widget-container\">\n\t\t\t\t\t<h1 class=\"elementor-heading-title elementor-size-default\">SERVIZI<\/h1>\t\t\t\t<\/div>\n\t\t\t\t<\/div>\n\t\t\t\t<\/div>\n\t\t\t\t\t<\/div>\n\t\t\t\t<\/div>\n\t\t\t\t<\/div>","protected":false},"excerpt":{"rendered":"<p>Servicios de Arquitectura Gesti\u00f3n de proyectos Dise\u00f1o ecosostenible Rehabilitaci\u00f3n de viviendas Dise\u00f1o arquitect\u00f3nico Planificaci\u00f3n urbana Dise\u00f1o urbano Dise\u00f1o de interiores [&hellip;]<\/p>","protected":false},"author":2,"featured_media":80,"parent":0,"menu_order":0,"comment_status":"closed","ping_status":"closed","template":"","meta":{"site-sidebar-layout":"no-sidebar","site-content-layout":"","ast-site-content-layout":"full-width-container","site-content-style":"default","site-sidebar-style":"default","ast-global-header-display":"","ast-banner-title-visibility":"","ast-main-header-display":"","ast-hfb-above-header-display":"","ast-hfb-below-header-display":"","ast-hfb-mobile-header-display":"","site-post-title":"disabled","ast-breadcrumbs-content":"","ast-featured-img":"disabled","footer-sml-layout":"","ast-disable-related-posts":"","theme-transparent-header-meta":"","adv-header-id-meta":"","stick-header-meta":"","header-above-stick-meta":"","header-main-stick-meta":"","header-below-stick-meta":"","astra-migrate-meta-layouts":"default","ast-page-background-enabled":"default","ast-page-background-meta":{"desktop":{"background-color":"var(--ast-global-color-5)","background-image":"","background-repeat":"repeat","background-position":"center center","background-size":"auto","background-attachment":"scroll","background-type":"","background-media":"","overlay-type":"","overlay-color":"","overlay-opacity":"","overlay-gradient":""},"tablet":{"background-color":"","background-image":"","background-repeat":"repeat","background-position":"center center","background-size":"auto","background-attachment":"scroll","background-type":"","background-media":"","overlay-type":"","overlay-color":"","overlay-opacity":"","overlay-gradient":""},"mobile":{"background-color":"","background-image":"","background-repeat":"repeat","background-position":"center center","background-size":"auto","background-attachment":"scroll","background-type":"","background-media":"","overlay-type":"","overlay-color":"","overlay-opacity":"","overlay-gradient":""}},"ast-content-background-meta":{"desktop":{"background-color":"var(--ast-global-color-4)","background-image":"","background-repeat":"repeat","background-position":"center center","background-size":"auto","background-attachment":"scroll","background-type":"","background-media":"","overlay-type":"","overlay-color":"","overlay-opacity":"","overlay-gradient":""},"tablet":{"background-color":"var(--ast-global-color-4)","background-image":"","background-repeat":"repeat","background-position":"center center","background-size":"auto","background-attachment":"scroll","background-type":"","background-media":"","overlay-type":"","overlay-color":"","overlay-opacity":"","overlay-gradient":""},"mobile":{"background-color":"var(--ast-global-color-4)","background-image":"","background-repeat":"repeat","background-position":"center center","background-size":"auto","background-attachment":"scroll","background-type":"","background-media":"","overlay-type":"","overlay-color":"","overlay-opacity":"","overlay-gradient":""}},"footnotes":""},"class_list":["post-78","page","type-page","status-publish","has-post-thumbnail","hentry"],"yoast_head":"<!-- This site is optimized with the Yoast SEO plugin v26.9 - https:\/\/yoast.com\/product\/yoast-seo-wordpress\/ -->\n<title>Servicios - Fabrizio Latrofa<\/title>\n<meta name=\"description\" content=\"Entre los servicios ofrecidos por Faber, de Fabrizio Latrofa, destacan los servicios de arquitectura y los servicios t\u00e9cnicos, tales como...\" \/>\n<meta name=\"robots\" content=\"index, follow, max-snippet:-1, max-image-preview:large, max-video-preview:-1\" \/>\n<link rel=\"canonical\" href=\"https:\/\/fabriziolatrofa.com\/it\/servicios\/\" \/>\n<meta property=\"og:locale\" content=\"it_IT\" \/>\n<meta property=\"og:type\" content=\"article\" \/>\n<meta property=\"og:title\" content=\"Servicios - Fabrizio Latrofa\" \/>\n<meta property=\"og:description\" content=\"Entre los servicios ofrecidos por Faber, de Fabrizio Latrofa, destacan los servicios de arquitectura y los servicios t\u00e9cnicos, tales como...\" \/>\n<meta property=\"og:url\" content=\"https:\/\/fabriziolatrofa.com\/it\/servicios\/\" \/>\n<meta property=\"og:site_name\" content=\"Fabrizio Latrofa\" \/>\n<meta property=\"article:modified_time\" content=\"2025-05-11T11:30:49+00:00\" \/>\n<meta property=\"og:image\" content=\"https:\/\/fabriziolatrofa.com\/wp-content\/uploads\/2025\/04\/02_Servizi-Fabrizio-arquitecto.png\" \/>\n\t<meta property=\"og:image:width\" content=\"1920\" \/>\n\t<meta property=\"og:image:height\" content=\"570\" \/>\n\t<meta property=\"og:image:type\" content=\"image\/png\" \/>\n<meta name=\"twitter:card\" content=\"summary_large_image\" \/>\n<meta name=\"twitter:label1\" content=\"Tempo di lettura stimato\" \/>\n\t<meta name=\"twitter:data1\" content=\"1 minuto\" \/>\n<script type=\"application\/ld+json\" class=\"yoast-schema-graph\">{\"@context\":\"https:\/\/schema.org\",\"@graph\":[{\"@type\":\"WebPage\",\"@id\":\"https:\/\/fabriziolatrofa.com\/servicios\/\",\"url\":\"https:\/\/fabriziolatrofa.com\/servicios\/\",\"name\":\"Servicios - Fabrizio Latrofa\",\"isPartOf\":{\"@id\":\"https:\/\/fabriziolatrofa.com\/#website\"},\"primaryImageOfPage\":{\"@id\":\"https:\/\/fabriziolatrofa.com\/servicios\/#primaryimage\"},\"image\":{\"@id\":\"https:\/\/fabriziolatrofa.com\/servicios\/#primaryimage\"},\"thumbnailUrl\":\"https:\/\/fabriziolatrofa.com\/wp-content\/uploads\/2025\/04\/02_Servizi-Fabrizio-arquitecto.png\",\"datePublished\":\"2025-04-03T13:47:07+00:00\",\"dateModified\":\"2025-05-11T11:30:49+00:00\",\"description\":\"Entre los servicios ofrecidos por Faber, de Fabrizio Latrofa, destacan los servicios de arquitectura y los servicios t\u00e9cnicos, tales como...\",\"breadcrumb\":{\"@id\":\"https:\/\/fabriziolatrofa.com\/servicios\/#breadcrumb\"},\"inLanguage\":\"it-IT\",\"potentialAction\":[{\"@type\":\"ReadAction\",\"target\":[\"https:\/\/fabriziolatrofa.com\/servicios\/\"]}]},{\"@type\":\"ImageObject\",\"inLanguage\":\"it-IT\",\"@id\":\"https:\/\/fabriziolatrofa.com\/servicios\/#primaryimage\",\"url\":\"https:\/\/fabriziolatrofa.com\/wp-content\/uploads\/2025\/04\/02_Servizi-Fabrizio-arquitecto.png\",\"contentUrl\":\"https:\/\/fabriziolatrofa.com\/wp-content\/uploads\/2025\/04\/02_Servizi-Fabrizio-arquitecto.png\",\"width\":1920,\"height\":570,\"caption\":\"Servicios Fabrizio Latrofa\"},{\"@type\":\"BreadcrumbList\",\"@id\":\"https:\/\/fabriziolatrofa.com\/servicios\/#breadcrumb\",\"itemListElement\":[{\"@type\":\"ListItem\",\"position\":1,\"name\":\"Portada\",\"item\":\"https:\/\/fabriziolatrofa.com\/\"},{\"@type\":\"ListItem\",\"position\":2,\"name\":\"Servicios\"}]},{\"@type\":\"WebSite\",\"@id\":\"https:\/\/fabriziolatrofa.com\/#website\",\"url\":\"https:\/\/fabriziolatrofa.com\/\",\"name\":\"Fabrizio Latrofa\",\"description\":\"\",\"publisher\":{\"@id\":\"https:\/\/fabriziolatrofa.com\/#organization\"},\"potentialAction\":[{\"@type\":\"SearchAction\",\"target\":{\"@type\":\"EntryPoint\",\"urlTemplate\":\"https:\/\/fabriziolatrofa.com\/?s={search_term_string}\"},\"query-input\":{\"@type\":\"PropertyValueSpecification\",\"valueRequired\":true,\"valueName\":\"search_term_string\"}}],\"inLanguage\":\"it-IT\"},{\"@type\":\"Organization\",\"@id\":\"https:\/\/fabriziolatrofa.com\/#organization\",\"name\":\"Fabrizio Latrofa\",\"url\":\"https:\/\/fabriziolatrofa.com\/\",\"logo\":{\"@type\":\"ImageObject\",\"inLanguage\":\"it-IT\",\"@id\":\"https:\/\/fabriziolatrofa.com\/#\/schema\/logo\/image\/\",\"url\":\"https:\/\/fabriziolatrofa.com\/wp-content\/uploads\/2025\/04\/logo-FABRIZIO-arquitecto-1.png\",\"contentUrl\":\"https:\/\/fabriziolatrofa.com\/wp-content\/uploads\/2025\/04\/logo-FABRIZIO-arquitecto-1.png\",\"width\":645,\"height\":346,\"caption\":\"Fabrizio Latrofa\"},\"image\":{\"@id\":\"https:\/\/fabriziolatrofa.com\/#\/schema\/logo\/image\/\"}}]}<\/script>\n<!-- \/ Yoast SEO plugin. -->","yoast_head_json":{"title":"Servicios - Fabrizio Latrofa","description":"Entre los servicios ofrecidos por Faber, de Fabrizio Latrofa, destacan los servicios de arquitectura y los servicios t\u00e9cnicos, tales como...","robots":{"index":"index","follow":"follow","max-snippet":"max-snippet:-1","max-image-preview":"max-image-preview:large","max-video-preview":"max-video-preview:-1"},"canonical":"https:\/\/fabriziolatrofa.com\/it\/servicios\/","og_locale":"it_IT","og_type":"article","og_title":"Servicios - Fabrizio Latrofa","og_description":"Entre los servicios ofrecidos por Faber, de Fabrizio Latrofa, destacan los servicios de arquitectura y los servicios t\u00e9cnicos, tales como...","og_url":"https:\/\/fabriziolatrofa.com\/it\/servicios\/","og_site_name":"Fabrizio Latrofa","article_modified_time":"2025-05-11T11:30:49+00:00","og_image":[{"width":1920,"height":570,"url":"https:\/\/fabriziolatrofa.com\/wp-content\/uploads\/2025\/04\/02_Servizi-Fabrizio-arquitecto.png","type":"image\/png"}],"twitter_card":"summary_large_image","twitter_misc":{"Tempo di lettura stimato":"1 minuto"},"schema":{"@context":"https:\/\/schema.org","@graph":[{"@type":"WebPage","@id":"https:\/\/fabriziolatrofa.com\/servicios\/","url":"https:\/\/fabriziolatrofa.com\/servicios\/","name":"Servicios - Fabrizio Latrofa","isPartOf":{"@id":"https:\/\/fabriziolatrofa.com\/#website"},"primaryImageOfPage":{"@id":"https:\/\/fabriziolatrofa.com\/servicios\/#primaryimage"},"image":{"@id":"https:\/\/fabriziolatrofa.com\/servicios\/#primaryimage"},"thumbnailUrl":"https:\/\/fabriziolatrofa.com\/wp-content\/uploads\/2025\/04\/02_Servizi-Fabrizio-arquitecto.png","datePublished":"2025-04-03T13:47:07+00:00","dateModified":"2025-05-11T11:30:49+00:00","description":"Entre los servicios ofrecidos por Faber, de Fabrizio Latrofa, destacan los servicios de arquitectura y los servicios t\u00e9cnicos, tales como...","breadcrumb":{"@id":"https:\/\/fabriziolatrofa.com\/servicios\/#breadcrumb"},"inLanguage":"it-IT","potentialAction":[{"@type":"ReadAction","target":["https:\/\/fabriziolatrofa.com\/servicios\/"]}]},{"@type":"ImageObject","inLanguage":"it-IT","@id":"https:\/\/fabriziolatrofa.com\/servicios\/#primaryimage","url":"https:\/\/fabriziolatrofa.com\/wp-content\/uploads\/2025\/04\/02_Servizi-Fabrizio-arquitecto.png","contentUrl":"https:\/\/fabriziolatrofa.com\/wp-content\/uploads\/2025\/04\/02_Servizi-Fabrizio-arquitecto.png","width":1920,"height":570,"caption":"Servicios Fabrizio Latrofa"},{"@type":"BreadcrumbList","@id":"https:\/\/fabriziolatrofa.com\/servicios\/#breadcrumb","itemListElement":[{"@type":"ListItem","position":1,"name":"Portada","item":"https:\/\/fabriziolatrofa.com\/"},{"@type":"ListItem","position":2,"name":"Servicios"}]},{"@type":"WebSite","@id":"https:\/\/fabriziolatrofa.com\/#website","url":"https:\/\/fabriziolatrofa.com\/","name":"Fabrizio Latrofa","description":"","publisher":{"@id":"https:\/\/fabriziolatrofa.com\/#organization"},"potentialAction":[{"@type":"SearchAction","target":{"@type":"EntryPoint","urlTemplate":"https:\/\/fabriziolatrofa.com\/?s={search_term_string}"},"query-input":{"@type":"PropertyValueSpecification","valueRequired":true,"valueName":"search_term_string"}}],"inLanguage":"it-IT"},{"@type":"Organization","@id":"https:\/\/fabriziolatrofa.com\/#organization","name":"Fabrizio Latrofa","url":"https:\/\/fabriziolatrofa.com\/","logo":{"@type":"ImageObject","inLanguage":"it-IT","@id":"https:\/\/fabriziolatrofa.com\/#\/schema\/logo\/image\/","url":"https:\/\/fabriziolatrofa.com\/wp-content\/uploads\/2025\/04\/logo-FABRIZIO-arquitecto-1.png","contentUrl":"https:\/\/fabriziolatrofa.com\/wp-content\/uploads\/2025\/04\/logo-FABRIZIO-arquitecto-1.png","width":645,"height":346,"caption":"Fabrizio Latrofa"},"image":{"@id":"https:\/\/fabriziolatrofa.com\/#\/schema\/logo\/image\/"}}]}},"_links":{"self":[{"href":"https:\/\/fabriziolatrofa.com\/it\/wp-json\/wp\/v2\/pages\/78","targetHints":{"allow":["GET"]}}],"collection":[{"href":"https:\/\/fabriziolatrofa.com\/it\/wp-json\/wp\/v2\/pages"}],"about":[{"href":"https:\/\/fabriziolatrofa.com\/it\/wp-json\/wp\/v2\/types\/page"}],"author":[{"embeddable":true,"href":"https:\/\/fabriziolatrofa.com\/it\/wp-json\/wp\/v2\/users\/2"}],"replies":[{"embeddable":true,"href":"https:\/\/fabriziolatrofa.com\/it\/wp-json\/wp\/v2\/comments?post=78"}],"version-history":[{"count":23,"href":"https:\/\/fabriziolatrofa.com\/it\/wp-json\/wp\/v2\/pages\/78\/revisions"}],"predecessor-version":[{"id":574,"href":"https:\/\/fabriziolatrofa.com\/it\/wp-json\/wp\/v2\/pages\/78\/revisions\/574"}],"wp:featuredmedia":[{"embeddable":true,"href":"https:\/\/fabriziolatrofa.com\/it\/wp-json\/wp\/v2\/media\/80"}],"wp:attachment":[{"href":"https:\/\/fabriziolatrofa.com\/it\/wp-json\/wp\/v2\/media?parent=78"}],"curies":[{"name":"wp","href":"https:\/\/api.w.org\/{rel}","templated":true}]}}