{"id":72,"date":"2025-04-03T13:46:59","date_gmt":"2025-04-03T13:46:59","guid":{"rendered":"https:\/\/fabriziolatrofa.com\/?page_id=72"},"modified":"2025-10-24T10:52:16","modified_gmt":"2025-10-24T10:52:16","slug":"taller","status":"publish","type":"page","link":"https:\/\/fabriziolatrofa.com\/it\/taller\/","title":{"rendered":"Taller"},"content":{"rendered":"<div data-elementor-type=\"wp-page\" data-elementor-id=\"72\" class=\"elementor elementor-72\" data-elementor-post-type=\"page\">\n\t\t\t\t<div class=\"elementor-element elementor-element-c80e076 e-con-full e-flex e-con e-parent\" data-id=\"c80e076\" data-element_type=\"container\" data-e-type=\"container\" data-settings=\"{&quot;background_background&quot;:&quot;classic&quot;}\">\n\t\t\t\t<\/div>\n\t\t<div class=\"elementor-element elementor-element-b5cd836 e-flex e-con-boxed e-con e-parent\" data-id=\"b5cd836\" data-element_type=\"container\" data-e-type=\"container\">\n\t\t\t\t\t<div class=\"e-con-inner\">\n\t\t<div class=\"elementor-element elementor-element-6ba2ee9 e-con-full e-flex e-con e-child\" data-id=\"6ba2ee9\" data-element_type=\"container\" data-e-type=\"container\">\n\t\t\t\t<div class=\"elementor-element elementor-element-8824e9d elementor-widget elementor-widget-text-editor\" data-id=\"8824e9d\" data-element_type=\"widget\" data-e-type=\"widget\" data-widget_type=\"text-editor.default\">\n\t\t\t\t<div class=\"elementor-widget-container\">\n\t\t\t\t\t\t\t\t\t<h2>Cosa pu\u00f2 uno spazio?<\/h2><p class=\"translation-block\">La prima volta che ho percepito l\u2019<strong>infinito<\/strong>, non l\u2019ho trovato nel cielo o in un libro, ma in una strada. Era sera. Camminavo, e davanti a me si apriva la facciata di un grande <strong>palazzo<\/strong>. Ogni finestra accesa era una scena, un frammento di <strong>mondo<\/strong>. Un bambino correva, una donna leggeva, qualcuno rideva, qualcuno piangeva. Ogni luce conteneva una vita, e ogni vita era un universo. L\u2019infinito, allora, non mi apparve come qualcosa di astratto o distante, ma come una <strong>molteplicit\u00e0<\/strong> brulicante, concreta, mai assoluta. Un infinito fatto di differenze, di esistenze parallele che non si toccano, ma che si intuiscono.<\/p><p class=\"translation-block\">\u00c8 da l\u00ec che nasce la mia idea di architettura: come <strong>possibilit\u00e0<\/strong>, come campo di incontri. Lo spazio, per me, non \u00e8 solo ci\u00f2 che si costruisce, ma ci\u00f2 che accade. \u00c8 corpo che sente, \u00e8 materia attraversata da forze. Pu\u00f2 essere colpito, svuotato, esaltato. Pu\u00f2 accogliere, trattenere, respingere. Uno spazio pu\u00f2 affettare e essere affettato. \u00c8 in questo scambio silenzioso tra ci\u00f2 che vive e ci\u00f2 che lo contiene che trovo il senso del costruire.<\/p><p>Non cerco forme chiuse, complete. Preferisco lasciar cedere la maglia, aprire varchi, permettere all\u2019aria e al tempo di entrare. L\u2019architettura che mi interessa non riempie, ma lascia sospeso. Non domina, ma si lascia attraversare. \u00c8 un invito, una possibilit\u00e0 in attesa. In essa convivono tensioni: tra radicamento e slancio, tra sapere antico e invenzione. Tra la cura del dettaglio e la vastit\u00e0 dell\u2019intuizione.<\/p><p class=\"translation-block\">La <strong>sostenibilit\u00e0<\/strong>, la <strong>memoria<\/strong> dei saperi tradizionali, la <strong>creativit\u00e0<\/strong> che nasce dal limite, non sono per me strategie, ma <strong>passioni<\/strong>. Emozioni che strutturano, che orientano il gesto del progettare. Perch\u00e9 ogni spazio, in fondo, \u00e8 una domanda: cosa pu\u00f2 questo spazio? E soprattutto: cosa pu\u00f2 farci diventare?<\/p>\t\t\t\t\t\t\t\t<\/div>\n\t\t\t\t<\/div>\n\t\t\t\t<\/div>\n\t\t<div class=\"elementor-element elementor-element-b4c77ad e-con-full e-flex e-con e-child\" data-id=\"b4c77ad\" data-element_type=\"container\" data-e-type=\"container\">\n\t\t\t\t<div class=\"elementor-element elementor-element-a7dfd4e elementor-widget elementor-widget-heading\" data-id=\"a7dfd4e\" data-element_type=\"widget\" data-e-type=\"widget\" data-widget_type=\"heading.default\">\n\t\t\t\t<div class=\"elementor-widget-container\">\n\t\t\t\t\t<p class=\"elementor-heading-title elementor-size-default\">FABER<\/p>\t\t\t\t<\/div>\n\t\t\t\t<\/div>\n\t\t\t\t<div class=\"elementor-element elementor-element-4fdba46 elementor-widget-divider--view-line elementor-widget elementor-widget-divider\" data-id=\"4fdba46\" data-element_type=\"widget\" data-e-type=\"widget\" data-widget_type=\"divider.default\">\n\t\t\t\t<div class=\"elementor-widget-container\">\n\t\t\t\t\t\t\t<div class=\"elementor-divider\">\n\t\t\t<span class=\"elementor-divider-separator\">\n\t\t\t\t\t\t<\/span>\n\t\t<\/div>\n\t\t\t\t\t\t<\/div>\n\t\t\t\t<\/div>\n\t\t\t\t<div class=\"elementor-element elementor-element-08ba412 elementor-widget elementor-widget-heading\" data-id=\"08ba412\" data-element_type=\"widget\" data-e-type=\"widget\" data-widget_type=\"heading.default\">\n\t\t\t\t<div class=\"elementor-widget-container\">\n\t\t\t\t\t<h1 class=\"elementor-heading-title elementor-size-default\">TALLER<\/h1>\t\t\t\t<\/div>\n\t\t\t\t<\/div>\n\t\t\t\t<div class=\"elementor-element elementor-element-d47893e elementor-widget elementor-widget-text-editor\" data-id=\"d47893e\" data-element_type=\"widget\" data-e-type=\"widget\" data-widget_type=\"text-editor.default\">\n\t\t\t\t<div class=\"elementor-widget-container\">\n\t\t\t\t\t\t\t\t\t<p class=\"translation-block\">La pratica di Faber si basa su <strong>tre linee di forza<\/strong>:<\/p><p class=\"translation-block\"><b>Sostenibilit\u00e0<\/b>: ogni scelta di design \u00e8 guidata da un profondo rispetto per l\u2019ambiente, promuovendo soluzioni ecosostenibili e a basso impatto.<\/p><p class=\"translation-block\"><strong>Interdisciplinarit\u00e0<\/strong>: il nostro team integra esperti di diverse discipline \u2013 dall\u2019architettura e il design d\u2019interni alla pianificazione urbana \u2013 per creare soluzioni innovative e personalizzate.<\/p><p class=\"translation-block\"><strong>Artigianalit\u00e0 tecnologica<\/strong>: come in una bottega rinascimentale, combiniamo la cura per i dettagli artigianali con le possibilit\u00e0 offerte dalle pi\u00f9 avanzate tecnologie digitali.<\/p><p>Crediamo che ogni progetto debba dialogare con il proprio contesto naturale, sociale e culturale. Per questo adottiamo un approccio progettuale capace di ridurre l\u2019impatto ambientale, favorendo il riuso dei materiali, l\u2019efficienza energetica e la valorizzazione delle risorse locali.<\/p><p><strong>Utilizziamo strumenti di controllo bioclimatico per il risparmio energetico, la salubrit\u00e0 e il comfort.<\/strong><\/p><p class=\"translation-block\">In Faber, ogni progetto \u00e8 una storia che prende forma attraverso un processo creativo aperto e <strong>collaborativo<\/strong>. Le idee si modellano, si fondono e si perfezionano in un ambiente dove la sperimentazione e la contaminazione tra linguaggi rappresentano il cuore pulsante.<\/p>\t\t\t\t\t\t\t\t<\/div>\n\t\t\t\t<\/div>\n\t\t\t\t<\/div>\n\t\t\t\t\t<\/div>\n\t\t\t\t<\/div>\n\t\t\t\t<\/div>","protected":false},"excerpt":{"rendered":"<p>\u00bfQu\u00e9 puede un espacio? La primera vez que percib\u00ed el infinito no fue en el cielo ni en un libro, [&hellip;]<\/p>","protected":false},"author":2,"featured_media":74,"parent":0,"menu_order":0,"comment_status":"closed","ping_status":"closed","template":"","meta":{"site-sidebar-layout":"no-sidebar","site-content-layout":"","ast-site-content-layout":"full-width-container","site-content-style":"default","site-sidebar-style":"default","ast-global-header-display":"","ast-banner-title-visibility":"","ast-main-header-display":"","ast-hfb-above-header-display":"","ast-hfb-below-header-display":"","ast-hfb-mobile-header-display":"","site-post-title":"disabled","ast-breadcrumbs-content":"","ast-featured-img":"disabled","footer-sml-layout":"","ast-disable-related-posts":"","theme-transparent-header-meta":"","adv-header-id-meta":"","stick-header-meta":"","header-above-stick-meta":"","header-main-stick-meta":"","header-below-stick-meta":"","astra-migrate-meta-layouts":"default","ast-page-background-enabled":"default","ast-page-background-meta":{"desktop":{"background-color":"var(--ast-global-color-5)","background-image":"","background-repeat":"repeat","background-position":"center center","background-size":"auto","background-attachment":"scroll","background-type":"","background-media":"","overlay-type":"","overlay-color":"","overlay-opacity":"","overlay-gradient":""},"tablet":{"background-color":"","background-image":"","background-repeat":"repeat","background-position":"center center","background-size":"auto","background-attachment":"scroll","background-type":"","background-media":"","overlay-type":"","overlay-color":"","overlay-opacity":"","overlay-gradient":""},"mobile":{"background-color":"","background-image":"","background-repeat":"repeat","background-position":"center center","background-size":"auto","background-attachment":"scroll","background-type":"","background-media":"","overlay-type":"","overlay-color":"","overlay-opacity":"","overlay-gradient":""}},"ast-content-background-meta":{"desktop":{"background-color":"var(--ast-global-color-4)","background-image":"","background-repeat":"repeat","background-position":"center center","background-size":"auto","background-attachment":"scroll","background-type":"","background-media":"","overlay-type":"","overlay-color":"","overlay-opacity":"","overlay-gradient":""},"tablet":{"background-color":"var(--ast-global-color-4)","background-image":"","background-repeat":"repeat","background-position":"center center","background-size":"auto","background-attachment":"scroll","background-type":"","background-media":"","overlay-type":"","overlay-color":"","overlay-opacity":"","overlay-gradient":""},"mobile":{"background-color":"var(--ast-global-color-4)","background-image":"","background-repeat":"repeat","background-position":"center center","background-size":"auto","background-attachment":"scroll","background-type":"","background-media":"","overlay-type":"","overlay-color":"","overlay-opacity":"","overlay-gradient":""}},"footnotes":""},"class_list":["post-72","page","type-page","status-publish","has-post-thumbnail","hentry"],"yoast_head":"<!-- This site is optimized with the Yoast SEO plugin v26.9 - https:\/\/yoast.com\/product\/yoast-seo-wordpress\/ -->\n<title>Taller - Fabrizio Latrofa<\/title>\n<meta name=\"description\" content=\"Como en un taller renacentista, combinamos el cuidado por los detalles artesanales con las posibilidades que ofrecen las tecnolog\u00edas digitales\" \/>\n<meta name=\"robots\" content=\"index, follow, max-snippet:-1, max-image-preview:large, max-video-preview:-1\" \/>\n<link rel=\"canonical\" href=\"https:\/\/fabriziolatrofa.com\/it\/taller\/\" \/>\n<meta property=\"og:locale\" content=\"it_IT\" \/>\n<meta property=\"og:type\" content=\"article\" \/>\n<meta property=\"og:title\" content=\"Taller - Fabrizio Latrofa\" \/>\n<meta property=\"og:description\" content=\"Como en un taller renacentista, combinamos el cuidado por los detalles artesanales con las posibilidades que ofrecen las tecnolog\u00edas digitales\" \/>\n<meta property=\"og:url\" content=\"https:\/\/fabriziolatrofa.com\/it\/taller\/\" \/>\n<meta property=\"og:site_name\" content=\"Fabrizio Latrofa\" \/>\n<meta property=\"article:modified_time\" content=\"2025-10-24T10:52:16+00:00\" \/>\n<meta property=\"og:image\" content=\"https:\/\/fabriziolatrofa.com\/wp-content\/uploads\/2025\/04\/01_Taller-Fabrizio-arquitecto.png\" \/>\n\t<meta property=\"og:image:width\" content=\"1920\" \/>\n\t<meta property=\"og:image:height\" content=\"570\" \/>\n\t<meta property=\"og:image:type\" content=\"image\/png\" \/>\n<meta name=\"twitter:card\" content=\"summary_large_image\" \/>\n<meta name=\"twitter:label1\" content=\"Tempo di lettura stimato\" \/>\n\t<meta name=\"twitter:data1\" content=\"3 minuti\" \/>\n<script type=\"application\/ld+json\" class=\"yoast-schema-graph\">{\"@context\":\"https:\/\/schema.org\",\"@graph\":[{\"@type\":\"WebPage\",\"@id\":\"https:\/\/fabriziolatrofa.com\/taller\/\",\"url\":\"https:\/\/fabriziolatrofa.com\/taller\/\",\"name\":\"Taller - Fabrizio Latrofa\",\"isPartOf\":{\"@id\":\"https:\/\/fabriziolatrofa.com\/#website\"},\"primaryImageOfPage\":{\"@id\":\"https:\/\/fabriziolatrofa.com\/taller\/#primaryimage\"},\"image\":{\"@id\":\"https:\/\/fabriziolatrofa.com\/taller\/#primaryimage\"},\"thumbnailUrl\":\"https:\/\/fabriziolatrofa.com\/wp-content\/uploads\/2025\/04\/01_Taller-Fabrizio-arquitecto.png\",\"datePublished\":\"2025-04-03T13:46:59+00:00\",\"dateModified\":\"2025-10-24T10:52:16+00:00\",\"description\":\"Como en un taller renacentista, combinamos el cuidado por los detalles artesanales con las posibilidades que ofrecen las tecnolog\u00edas digitales\",\"breadcrumb\":{\"@id\":\"https:\/\/fabriziolatrofa.com\/taller\/#breadcrumb\"},\"inLanguage\":\"it-IT\",\"potentialAction\":[{\"@type\":\"ReadAction\",\"target\":[\"https:\/\/fabriziolatrofa.com\/taller\/\"]}]},{\"@type\":\"ImageObject\",\"inLanguage\":\"it-IT\",\"@id\":\"https:\/\/fabriziolatrofa.com\/taller\/#primaryimage\",\"url\":\"https:\/\/fabriziolatrofa.com\/wp-content\/uploads\/2025\/04\/01_Taller-Fabrizio-arquitecto.png\",\"contentUrl\":\"https:\/\/fabriziolatrofa.com\/wp-content\/uploads\/2025\/04\/01_Taller-Fabrizio-arquitecto.png\",\"width\":1920,\"height\":570,\"caption\":\"Taller Fabrizio Latrofa Arquitecto\"},{\"@type\":\"BreadcrumbList\",\"@id\":\"https:\/\/fabriziolatrofa.com\/taller\/#breadcrumb\",\"itemListElement\":[{\"@type\":\"ListItem\",\"position\":1,\"name\":\"Portada\",\"item\":\"https:\/\/fabriziolatrofa.com\/\"},{\"@type\":\"ListItem\",\"position\":2,\"name\":\"Taller\"}]},{\"@type\":\"WebSite\",\"@id\":\"https:\/\/fabriziolatrofa.com\/#website\",\"url\":\"https:\/\/fabriziolatrofa.com\/\",\"name\":\"Fabrizio Latrofa\",\"description\":\"\",\"publisher\":{\"@id\":\"https:\/\/fabriziolatrofa.com\/#organization\"},\"potentialAction\":[{\"@type\":\"SearchAction\",\"target\":{\"@type\":\"EntryPoint\",\"urlTemplate\":\"https:\/\/fabriziolatrofa.com\/?s={search_term_string}\"},\"query-input\":{\"@type\":\"PropertyValueSpecification\",\"valueRequired\":true,\"valueName\":\"search_term_string\"}}],\"inLanguage\":\"it-IT\"},{\"@type\":\"Organization\",\"@id\":\"https:\/\/fabriziolatrofa.com\/#organization\",\"name\":\"Fabrizio Latrofa\",\"url\":\"https:\/\/fabriziolatrofa.com\/\",\"logo\":{\"@type\":\"ImageObject\",\"inLanguage\":\"it-IT\",\"@id\":\"https:\/\/fabriziolatrofa.com\/#\/schema\/logo\/image\/\",\"url\":\"https:\/\/fabriziolatrofa.com\/wp-content\/uploads\/2025\/04\/logo-FABRIZIO-arquitecto-1.png\",\"contentUrl\":\"https:\/\/fabriziolatrofa.com\/wp-content\/uploads\/2025\/04\/logo-FABRIZIO-arquitecto-1.png\",\"width\":645,\"height\":346,\"caption\":\"Fabrizio Latrofa\"},\"image\":{\"@id\":\"https:\/\/fabriziolatrofa.com\/#\/schema\/logo\/image\/\"}}]}<\/script>\n<!-- \/ Yoast SEO plugin. -->","yoast_head_json":{"title":"Taller - Fabrizio Latrofa","description":"Como en un taller renacentista, combinamos el cuidado por los detalles artesanales con las posibilidades que ofrecen las tecnolog\u00edas digitales","robots":{"index":"index","follow":"follow","max-snippet":"max-snippet:-1","max-image-preview":"max-image-preview:large","max-video-preview":"max-video-preview:-1"},"canonical":"https:\/\/fabriziolatrofa.com\/it\/taller\/","og_locale":"it_IT","og_type":"article","og_title":"Taller - Fabrizio Latrofa","og_description":"Como en un taller renacentista, combinamos el cuidado por los detalles artesanales con las posibilidades que ofrecen las tecnolog\u00edas digitales","og_url":"https:\/\/fabriziolatrofa.com\/it\/taller\/","og_site_name":"Fabrizio Latrofa","article_modified_time":"2025-10-24T10:52:16+00:00","og_image":[{"width":1920,"height":570,"url":"https:\/\/fabriziolatrofa.com\/wp-content\/uploads\/2025\/04\/01_Taller-Fabrizio-arquitecto.png","type":"image\/png"}],"twitter_card":"summary_large_image","twitter_misc":{"Tempo di lettura stimato":"3 minuti"},"schema":{"@context":"https:\/\/schema.org","@graph":[{"@type":"WebPage","@id":"https:\/\/fabriziolatrofa.com\/taller\/","url":"https:\/\/fabriziolatrofa.com\/taller\/","name":"Taller - Fabrizio Latrofa","isPartOf":{"@id":"https:\/\/fabriziolatrofa.com\/#website"},"primaryImageOfPage":{"@id":"https:\/\/fabriziolatrofa.com\/taller\/#primaryimage"},"image":{"@id":"https:\/\/fabriziolatrofa.com\/taller\/#primaryimage"},"thumbnailUrl":"https:\/\/fabriziolatrofa.com\/wp-content\/uploads\/2025\/04\/01_Taller-Fabrizio-arquitecto.png","datePublished":"2025-04-03T13:46:59+00:00","dateModified":"2025-10-24T10:52:16+00:00","description":"Como en un taller renacentista, combinamos el cuidado por los detalles artesanales con las posibilidades que ofrecen las tecnolog\u00edas digitales","breadcrumb":{"@id":"https:\/\/fabriziolatrofa.com\/taller\/#breadcrumb"},"inLanguage":"it-IT","potentialAction":[{"@type":"ReadAction","target":["https:\/\/fabriziolatrofa.com\/taller\/"]}]},{"@type":"ImageObject","inLanguage":"it-IT","@id":"https:\/\/fabriziolatrofa.com\/taller\/#primaryimage","url":"https:\/\/fabriziolatrofa.com\/wp-content\/uploads\/2025\/04\/01_Taller-Fabrizio-arquitecto.png","contentUrl":"https:\/\/fabriziolatrofa.com\/wp-content\/uploads\/2025\/04\/01_Taller-Fabrizio-arquitecto.png","width":1920,"height":570,"caption":"Taller Fabrizio Latrofa Arquitecto"},{"@type":"BreadcrumbList","@id":"https:\/\/fabriziolatrofa.com\/taller\/#breadcrumb","itemListElement":[{"@type":"ListItem","position":1,"name":"Portada","item":"https:\/\/fabriziolatrofa.com\/"},{"@type":"ListItem","position":2,"name":"Taller"}]},{"@type":"WebSite","@id":"https:\/\/fabriziolatrofa.com\/#website","url":"https:\/\/fabriziolatrofa.com\/","name":"Fabrizio Latrofa","description":"","publisher":{"@id":"https:\/\/fabriziolatrofa.com\/#organization"},"potentialAction":[{"@type":"SearchAction","target":{"@type":"EntryPoint","urlTemplate":"https:\/\/fabriziolatrofa.com\/?s={search_term_string}"},"query-input":{"@type":"PropertyValueSpecification","valueRequired":true,"valueName":"search_term_string"}}],"inLanguage":"it-IT"},{"@type":"Organization","@id":"https:\/\/fabriziolatrofa.com\/#organization","name":"Fabrizio Latrofa","url":"https:\/\/fabriziolatrofa.com\/","logo":{"@type":"ImageObject","inLanguage":"it-IT","@id":"https:\/\/fabriziolatrofa.com\/#\/schema\/logo\/image\/","url":"https:\/\/fabriziolatrofa.com\/wp-content\/uploads\/2025\/04\/logo-FABRIZIO-arquitecto-1.png","contentUrl":"https:\/\/fabriziolatrofa.com\/wp-content\/uploads\/2025\/04\/logo-FABRIZIO-arquitecto-1.png","width":645,"height":346,"caption":"Fabrizio Latrofa"},"image":{"@id":"https:\/\/fabriziolatrofa.com\/#\/schema\/logo\/image\/"}}]}},"_links":{"self":[{"href":"https:\/\/fabriziolatrofa.com\/it\/wp-json\/wp\/v2\/pages\/72","targetHints":{"allow":["GET"]}}],"collection":[{"href":"https:\/\/fabriziolatrofa.com\/it\/wp-json\/wp\/v2\/pages"}],"about":[{"href":"https:\/\/fabriziolatrofa.com\/it\/wp-json\/wp\/v2\/types\/page"}],"author":[{"embeddable":true,"href":"https:\/\/fabriziolatrofa.com\/it\/wp-json\/wp\/v2\/users\/2"}],"replies":[{"embeddable":true,"href":"https:\/\/fabriziolatrofa.com\/it\/wp-json\/wp\/v2\/comments?post=72"}],"version-history":[{"count":37,"href":"https:\/\/fabriziolatrofa.com\/it\/wp-json\/wp\/v2\/pages\/72\/revisions"}],"predecessor-version":[{"id":707,"href":"https:\/\/fabriziolatrofa.com\/it\/wp-json\/wp\/v2\/pages\/72\/revisions\/707"}],"wp:featuredmedia":[{"embeddable":true,"href":"https:\/\/fabriziolatrofa.com\/it\/wp-json\/wp\/v2\/media\/74"}],"wp:attachment":[{"href":"https:\/\/fabriziolatrofa.com\/it\/wp-json\/wp\/v2\/media?parent=72"}],"curies":[{"name":"wp","href":"https:\/\/api.w.org\/{rel}","templated":true}]}}